{"id":298,"date":"2024-07-04T09:02:11","date_gmt":"2024-07-04T09:02:11","guid":{"rendered":"https:\/\/villa-dimitri.de\/?page_id=298"},"modified":"2025-03-19T14:10:38","modified_gmt":"2025-03-19T14:10:38","slug":"ueber-uns","status":"publish","type":"page","link":"https:\/\/www.villa-dimitri.de\/en\/ueber-uns\/","title":{"rendered":"About Us"},"content":{"rendered":"<div data-elementor-type=\"wp-page\" data-elementor-id=\"298\" class=\"elementor elementor-298\" data-elementor-post-type=\"page\">\n\t\t\t\t<div class=\"elementor-element elementor-element-6e0cb96 e-flex e-con-boxed e-con e-parent\" data-id=\"6e0cb96\" data-element_type=\"container\">\n\t\t\t\t\t<div class=\"e-con-inner\">\n\t\t\t\t<div class=\"elementor-element elementor-element-08c1a67 elementor-widget elementor-widget-heading\" data-id=\"08c1a67\" data-element_type=\"widget\" data-widget_type=\"heading.default\">\n\t\t\t\t<div class=\"elementor-widget-container\">\n\t\t\t\t\t<h2 class=\"elementor-heading-title elementor-size-default\">About Us<\/h2>\t\t\t\t<\/div>\n\t\t\t\t<\/div>\n\t\t\t\t\t<\/div>\n\t\t\t\t<\/div>\n\t\t<div class=\"elementor-element elementor-element-b8cbac4 e-flex e-con-boxed e-con e-parent\" data-id=\"b8cbac4\" data-element_type=\"container\">\n\t\t\t\t\t<div class=\"e-con-inner\">\n\t\t<div class=\"elementor-element elementor-element-002a22c e-con-full e-flex e-con e-child\" data-id=\"002a22c\" data-element_type=\"container\">\n\t\t\t\t<\/div>\n\t\t\t\t<div class=\"elementor-element elementor-element-22e93ef elementor-widget elementor-widget-text-editor\" data-id=\"22e93ef\" data-element_type=\"widget\" data-widget_type=\"text-editor.default\">\n\t\t\t\t<div class=\"elementor-widget-container\">\n\t\t\t\t\t\t\t\t\t<p>It was more by chance than design that we, Helga and Dimitri Joanidopoulos, ended up in Ikaria while island hopping in 1988. While exploring the island by moped, we discovered a plot of land directly above the sea, with a small house and large terrace, and a small hand-painted sign saying \u2018for sale\u2019.<\/p>\n<div>\u00a0<\/div>\n<div>The magnificent location with the endless sea view and the flowering oleander bushes around the house completely enchanted us. It was love at first sight!<\/div>\n<div>\u00a0<\/div>\n<div>In the course of the 1990s, we initially expanded Villa Dimitri from 2 residential levels to a total of 6 levels with 6 holiday flats and gradually acquired the surrounding land. From 2010 to 2015, we built Villa Andromeda with 4 flats on 3 levels.<\/div>\n<div>\u00a0<\/div>\n<div>\n<p>In recent years, we have renovated all the flats at Villa Dimitri and fitted them with new kitchens and bathrooms.<\/p>\n<p>\u00a0<\/p>\n<p>Das steil abfallende Gel\u00e4nde mit dornigen B\u00fcschen wurde in m\u00fchevoller Arbeit zu einem bl\u00fchenden Terrassengarten umgestaltet, in dem wir eigenen Wein, Oliven und Gem\u00fcse anbauen.<\/p>\n<p>\u00a0<\/p>\n<p>Dimitri has channelled his 30 years of experience as a design engineer at BMW into the architecture and design and is the \u2018creator and maker\u2019 of the buildings, terraces and gardens.<\/p>\n<p>\u00a0<\/p>\n<p>Helga is responsible for all business matters at Villa Dimitri and ensures that everything runs smoothly. In addition to organising and coordinating the lettings, she also takes care of the interior design and furnishings as well as the maintenance and care of the flats.<\/p>\n<p>\u00a0<\/p>\n<p>We are infinitely grateful to have realised our lifelong dream on this magnificent island with its wonderful nature.<\/p>\n<p>\u00a0<\/p>\n<p>In the meantime, at over 80, we are slowly approaching retirement age and are delighted that our daughter Karin has been actively supporting us every summer for several years and keeping us company with her dog Franzi.<\/p>\n<\/div>\t\t\t\t\t\t\t\t<\/div>\n\t\t\t\t<\/div>\n\t\t<div class=\"elementor-element elementor-element-1f63a7a e-con-full e-flex e-con e-child\" data-id=\"1f63a7a\" data-element_type=\"container\">\n\t\t\t\t<div class=\"elementor-element elementor-element-169a59c elementor-widget elementor-widget-image\" data-id=\"169a59c\" data-element_type=\"widget\" data-widget_type=\"image.default\">\n\t\t\t\t<div class=\"elementor-widget-container\">\n\t\t\t\t\t\t\t\t\t\t\t\t\t\t\t<img fetchpriority=\"high\" decoding=\"async\" width=\"800\" height=\"600\" src=\"https:\/\/www.villa-dimitri.de\/wp-content\/uploads\/2024\/07\/Villa-Dimitri-1988-1200-1024x768.jpg\" class=\"attachment-large size-large wp-image-545\" alt=\"Villa Dimitri 1988\" srcset=\"https:\/\/www.villa-dimitri.de\/wp-content\/uploads\/2024\/07\/Villa-Dimitri-1988-1200-1024x768.jpg 1024w, https:\/\/www.villa-dimitri.de\/wp-content\/uploads\/2024\/07\/Villa-Dimitri-1988-1200-300x225.jpg 300w, https:\/\/www.villa-dimitri.de\/wp-content\/uploads\/2024\/07\/Villa-Dimitri-1988-1200-768x576.jpg 768w, https:\/\/www.villa-dimitri.de\/wp-content\/uploads\/2024\/07\/Villa-Dimitri-1988-1200-e1720433965737.jpg 800w\" sizes=\"(max-width: 800px) 100vw, 800px\" \/>\t\t\t\t\t\t\t\t\t\t\t\t\t\t\t<\/div>\n\t\t\t\t<\/div>\n\t\t\t\t<div class=\"elementor-element elementor-element-f8e44a8 elementor-widget elementor-widget-image\" data-id=\"f8e44a8\" data-element_type=\"widget\" data-widget_type=\"image.default\">\n\t\t\t\t<div class=\"elementor-widget-container\">\n\t\t\t\t\t\t\t\t\t\t\t\t\t\t\t<img decoding=\"async\" width=\"800\" height=\"448\" src=\"https:\/\/www.villa-dimitri.de\/wp-content\/uploads\/2024\/06\/Villa-dimitri-vogelperspektive-1024x573.jpg\" class=\"attachment-large size-large wp-image-210\" alt=\"villa-dimitri-ikaria-vogelperspektive\" srcset=\"https:\/\/www.villa-dimitri.de\/wp-content\/uploads\/2024\/06\/Villa-dimitri-vogelperspektive-1024x573.jpg 1024w, https:\/\/www.villa-dimitri.de\/wp-content\/uploads\/2024\/06\/Villa-dimitri-vogelperspektive-300x168.jpg 300w, https:\/\/www.villa-dimitri.de\/wp-content\/uploads\/2024\/06\/Villa-dimitri-vogelperspektive-768x430.jpg 768w, https:\/\/www.villa-dimitri.de\/wp-content\/uploads\/2024\/06\/Villa-dimitri-vogelperspektive-1536x860.jpg 1536w, https:\/\/www.villa-dimitri.de\/wp-content\/uploads\/2024\/06\/Villa-dimitri-vogelperspektive-2048x1146.jpg 2048w, https:\/\/www.villa-dimitri.de\/wp-content\/uploads\/2024\/06\/Villa-dimitri-vogelperspektive-400x225.jpg 400w\" sizes=\"(max-width: 800px) 100vw, 800px\" \/>\t\t\t\t\t\t\t\t\t\t\t\t\t\t\t<\/div>\n\t\t\t\t<\/div>\n\t\t\t\t<div class=\"elementor-element elementor-element-56b24fc elementor-widget elementor-widget-image\" data-id=\"56b24fc\" data-element_type=\"widget\" data-widget_type=\"image.default\">\n\t\t\t\t<div class=\"elementor-widget-container\">\n\t\t\t\t\t\t\t\t\t\t\t\t\t\t\t<img decoding=\"async\" width=\"800\" height=\"713\" src=\"https:\/\/www.villa-dimitri.de\/wp-content\/uploads\/2025\/03\/dimi-karin-helga-1024x913.jpg\" class=\"attachment-large size-large wp-image-2491\" alt=\"\" srcset=\"https:\/\/www.villa-dimitri.de\/wp-content\/uploads\/2025\/03\/dimi-karin-helga-1024x913.jpg 1024w, https:\/\/www.villa-dimitri.de\/wp-content\/uploads\/2025\/03\/dimi-karin-helga-300x267.jpg 300w, https:\/\/www.villa-dimitri.de\/wp-content\/uploads\/2025\/03\/dimi-karin-helga-768x685.jpg 768w, https:\/\/www.villa-dimitri.de\/wp-content\/uploads\/2025\/03\/dimi-karin-helga-13x12.jpg 13w, https:\/\/www.villa-dimitri.de\/wp-content\/uploads\/2025\/03\/dimi-karin-helga.jpg 1437w\" sizes=\"(max-width: 800px) 100vw, 800px\" \/>\t\t\t\t\t\t\t\t\t\t\t\t\t\t\t<\/div>\n\t\t\t\t<\/div>\n\t\t\t\t<\/div>\n\t\t\t\t\t<\/div>\n\t\t\t\t<\/div>\n\t\t\t\t<\/div>","protected":false},"excerpt":{"rendered":"<p>\u00fcber uns Es war mehr Zufall als Absicht, dass wir, das sind Helga und Dimitri Joanidopoulos, bei einem Insel-Hopping 1988 in Ikaria landeten. Beim Erkunden der Insel per Moped entdeckten [&hellip;]<\/p>","protected":false},"author":1,"featured_media":0,"parent":0,"menu_order":0,"comment_status":"closed","ping_status":"closed","template":"","meta":{"_kadence_starter_templates_imported_post":false,"footnotes":""},"class_list":["post-298","page","type-page","status-publish","hentry"],"_links":{"self":[{"href":"https:\/\/www.villa-dimitri.de\/en\/wp-json\/wp\/v2\/pages\/298","targetHints":{"allow":["GET"]}}],"collection":[{"href":"https:\/\/www.villa-dimitri.de\/en\/wp-json\/wp\/v2\/pages"}],"about":[{"href":"https:\/\/www.villa-dimitri.de\/en\/wp-json\/wp\/v2\/types\/page"}],"author":[{"embeddable":true,"href":"https:\/\/www.villa-dimitri.de\/en\/wp-json\/wp\/v2\/users\/1"}],"replies":[{"embeddable":true,"href":"https:\/\/www.villa-dimitri.de\/en\/wp-json\/wp\/v2\/comments?post=298"}],"version-history":[{"count":6,"href":"https:\/\/www.villa-dimitri.de\/en\/wp-json\/wp\/v2\/pages\/298\/revisions"}],"predecessor-version":[{"id":2497,"href":"https:\/\/www.villa-dimitri.de\/en\/wp-json\/wp\/v2\/pages\/298\/revisions\/2497"}],"wp:attachment":[{"href":"https:\/\/www.villa-dimitri.de\/en\/wp-json\/wp\/v2\/media?parent=298"}],"curies":[{"name":"wp","href":"https:\/\/api.w.org\/{rel}","templated":true}]}}